{"id":63,"date":"2026-03-09T17:57:59","date_gmt":"2026-03-09T17:57:59","guid":{"rendered":"https:\/\/nrbeh.dk\/?page_id=63"},"modified":"2026-03-09T22:19:03","modified_gmt":"2026-03-09T22:19:03","slug":"fysiurgisk-massage-massage-som-behandlingform","status":"publish","type":"page","link":"https:\/\/nrbeh.dk\/?page_id=63","title":{"rendered":"Fysiurgisk Massage"},"content":{"rendered":"\t\t<div data-elementor-type=\"wp-page\" data-elementor-id=\"63\" class=\"elementor elementor-63\">\n\t\t\t\t<div class=\"elementor-element elementor-element-2c16923 e-flex e-con-boxed e-con e-parent\" data-id=\"2c16923\" data-element_type=\"container\" data-e-type=\"container\">\n\t\t\t\t\t<div class=\"e-con-inner\">\n\t\t\t\t<div class=\"elementor-element elementor-element-1358459 elementor-widget elementor-widget-text-editor\" data-id=\"1358459\" data-element_type=\"widget\" data-e-type=\"widget\" data-widget_type=\"text-editor.default\">\n\t\t\t\t\t\t\t\t\t<blockquote><p><strong><span style=\"color: #000000;\">Massage som behandlingsform<\/span>\u00a0<\/strong><\/p><\/blockquote>\t\t\t\t\t\t\t\t<\/div>\n\t\t\t\t\t<\/div>\n\t\t\t\t<\/div>\n\t\t<div class=\"elementor-element elementor-element-b86bfeb e-con-full e-flex e-con e-parent\" data-id=\"b86bfeb\" data-element_type=\"container\" data-e-type=\"container\">\n\t\t\t\t<div class=\"elementor-element elementor-element-f4012a1 elementor-widget elementor-widget-text-editor\" data-id=\"f4012a1\" data-element_type=\"widget\" data-e-type=\"widget\" data-widget_type=\"text-editor.default\">\n\t\t\t\t\t\t\t\t\t<p>Massage tr\u00e6kker lange tr\u00e5de gennem menneskets historie. I Homer&#8217;s &#8220;<i>Illiaden<\/i>&#8221; ser vi de store helte gnubbe hindandens i oliven olie og aromatisk pulver. I <i>traditionel kinesisk medicin<\/i>(<i>TCM<\/i>) dukker det op i l\u00e6reb\u00f8ger der er op mod 2500 \u00e5r gamle.<\/p><p>I dag ses det af mange som en luksus, eller en godbid i slutningen af en lang arbejdsdag. Mange der f\u00e5r behandling oplever smertelindring, bedre s\u00f8vnrytmer og en roligere tilstedev\u00e6relse i nuet. <br \/>Men massage har i mange studier vist at ogs\u00e5 at kunne lindre mere alvorlige fysiske lidelser <b>[Citation needed]<\/b> og proffesionelle atleter over hele kloden g\u00f8r stor brug af sportsmass\u00f8rer for at f\u00e5 den ekstra lille fordel n\u00e5r det t\u00e6ller.<\/p><p><span style=\"font-size: 1rem;\">Teknikkerne i Fysiurgisk Massage, nogle gange omtalt som &#8220;Deep Tissue&#8221; massage, g\u00f8r det muligt for en behandler at aflaste fysiske smerter, reducere stress, rette op p\u00e5 d\u00e5rlige s\u00f8vnm\u00f8nstre og meget mere. Den Fysiurgiske Massage bygger p\u00e5 en dyb forst\u00e5else af kroppens anatomi parret med en viden om de daglige m\u00f8nstre og bev\u00e6gelser vi mennesker laver (eller ikke laver&#8230;)<\/span><\/p><p>En Fysiurgisk Massage inkluderer derfor en dialog med klienten og en journalf\u00f8relse der skaber en r\u00f8d tr\u00e5d gennem et behandlingsprogram der er skr\u00e6ddersyet den individuelle klient.<\/p>\t\t\t\t\t\t\t\t<\/div>\n\t\t\t\t<\/div>\n\t\t\t\t<\/div>\n\t\t","protected":false},"excerpt":{"rendered":"<p>Massage som behandlingsform\u00a0 Massage tr\u00e6kker lange tr\u00e5de gennem menneskets historie. I Homer&#8217;s &#8220;Illiaden&#8221; ser vi de store helte gnubbe hindandens i oliven olie og aromatisk pulver. I traditionel kinesisk medicin(TCM) dukker det op i l\u00e6reb\u00f8ger der er op mod 2500 \u00e5r gamle. I dag ses det af mange som en luksus, eller en godbid i [&hellip;]<\/p>\n","protected":false},"author":1,"featured_media":0,"parent":0,"menu_order":0,"comment_status":"closed","ping_status":"closed","template":"","meta":{"footnotes":""},"class_list":["post-63","page","type-page","status-publish","hentry"],"_links":{"self":[{"href":"https:\/\/nrbeh.dk\/index.php?rest_route=\/wp\/v2\/pages\/63","targetHints":{"allow":["GET"]}}],"collection":[{"href":"https:\/\/nrbeh.dk\/index.php?rest_route=\/wp\/v2\/pages"}],"about":[{"href":"https:\/\/nrbeh.dk\/index.php?rest_route=\/wp\/v2\/types\/page"}],"author":[{"embeddable":true,"href":"https:\/\/nrbeh.dk\/index.php?rest_route=\/wp\/v2\/users\/1"}],"replies":[{"embeddable":true,"href":"https:\/\/nrbeh.dk\/index.php?rest_route=%2Fwp%2Fv2%2Fcomments&post=63"}],"version-history":[{"count":23,"href":"https:\/\/nrbeh.dk\/index.php?rest_route=\/wp\/v2\/pages\/63\/revisions"}],"predecessor-version":[{"id":98,"href":"https:\/\/nrbeh.dk\/index.php?rest_route=\/wp\/v2\/pages\/63\/revisions\/98"}],"wp:attachment":[{"href":"https:\/\/nrbeh.dk\/index.php?rest_route=%2Fwp%2Fv2%2Fmedia&parent=63"}],"curies":[{"name":"wp","href":"https:\/\/api.w.org\/{rel}","templated":true}]}}